{"id":2413,"date":"2020-01-10T20:22:23","date_gmt":"2020-01-11T02:22:23","guid":{"rendered":"http:\/\/gandgenglish.com\/?page_id=2413"},"modified":"2026-02-10T21:17:28","modified_gmt":"2026-02-11T03:17:28","slug":"adults-2","status":"publish","type":"page","link":"http:\/\/gandgenglish.com\/?page_id=2413","title":{"rendered":"Adultos"},"content":{"rendered":"<p>Cursos pr\u00e1cticos y orientados a la comunicaci\u00f3n real. Los adultos aprenden a desenvolverse en situaciones laborales, acad\u00e9micas y cotidianas con fluidez y seguridad. Incluye desarrollo de habilidades conversacionales, gram\u00e1tica funcional y vocabulario especializado seg\u00fan objetivos.<\/p>\n<p>&nbsp;<\/p>\n<p style=\"text-align: center;\"><em><span style=\"color: #ff0000;\"><strong><span style=\"vertical-align: inherit;\">Cursos de Ingl\u00e9s para Adulto<\/span><\/strong><\/span><\/em><\/p>\n<p><strong><span style=\"vertical-align: inherit;\">\u00a0Cursos de acuerdo a lo que t\u00fa necesitas <\/span><\/strong><\/p>\n<ul>\n<li><span style=\"vertical-align: inherit;\">Cada m\u00f3dulo tienen una duraci\u00f3n de 4 meses.<\/span><\/li>\n<li><span style=\"vertical-align: inherit;\">Cursos registrados ante secretaria de trabajo.<\/span><\/li>\n<li><span style=\"vertical-align: inherit;\">Clases din\u00e1micas.<\/span><\/li>\n<\/ul>\n<p><strong>\u00a0<\/strong><\/p>\n<p><span style=\"color: #0000ff;\"><strong><span style=\"vertical-align: inherit;\">M\u00f3dulo 1 Principiante <\/span><\/strong><\/span><\/p>\n<p><span style=\"vertical-align: inherit;\">T\u00e9cnicas de presente simple y progresivo, vocabulario b\u00e1sico. El alumno ser\u00e1 capaz de desenvolverse en situaciones de la vida cotidiana.<\/span><\/p>\n<p><span style=\"color: #0000ff;\"><strong><span style=\"vertical-align: inherit;\">M\u00f3dulo 2 Pre- Intermedio <\/span><\/strong><\/span><\/p>\n<p><span style=\"vertical-align: inherit;\">T\u00e9cnicas pasado, futuro, tiempo perfecto, voz pasiva, verbos modales, verbos compuestos. El alumno aprender\u00e1 a no traducir, pero llegar\u00e1 a ser capaz de interpretar el vocabulario que no conoce.<\/span><\/p>\n<p><span style=\"color: #0000ff;\"><strong><span style=\"vertical-align: inherit;\">M\u00f3dulo 3 Club de conversaci\u00f3n intermedia <\/span><\/strong><\/span><\/p>\n<p><span style=\"vertical-align: inherit;\">Temas actuales, debates acerca de un tema espec\u00edfico, cultura general, exposiciones. Por medio de audios el alumno educar\u00e1 su o\u00eddo para entender distintos tipos de pronunciaci\u00f3n.<\/span><\/p>\n<p><span style=\"color: #0000ff;\"><strong><span style=\"vertical-align: inherit;\">M\u00f3dulo 4 Club de conversaci\u00f3n avanzada <\/span><\/strong><\/span><\/p>\n<p><span style=\"vertical-align: inherit;\">El alumno aprender\u00e1 vocabulario t\u00e9cnico; ser\u00e1 capaz de entender las ideas principales de textos complejos que traten de temas tanto concretos como abstractos.<\/span><\/p>\n<p><span style=\"color: #0000ff;\"><strong><span style=\"vertical-align: inherit;\">M\u00f3dulo 5 Club de conversaci\u00f3n avanzado superior <\/span><\/strong><\/span><\/p>\n<p><span style=\"vertical-align: inherit;\">El alumno ser\u00e1 capaz de comprender una amplia variedad de textos extensos y con cierto nivel de exigencias, as\u00ed como reconocer en ellos sentidos impl\u00edcitos.<\/span><\/p>\n<p><a href=\"http:\/\/gandgenglish.com\/wp-content\/uploads\/2020\/01\/WhatsApp-Image-2019-12-11-at-9.08.54-AM.jpeg\"><img decoding=\"async\" loading=\"lazy\" class=\"wp-image-2415 aligncenter\" src=\"http:\/\/gandgenglish.com\/wp-content\/uploads\/2020\/01\/WhatsApp-Image-2019-12-11-at-9.08.54-AM-300x225.jpeg\" alt=\"\" width=\"363\" height=\"272\" srcset=\"http:\/\/gandgenglish.com\/wp-content\/uploads\/2020\/01\/WhatsApp-Image-2019-12-11-at-9.08.54-AM-300x225.jpeg 300w, http:\/\/gandgenglish.com\/wp-content\/uploads\/2020\/01\/WhatsApp-Image-2019-12-11-at-9.08.54-AM-768x576.jpeg 768w, http:\/\/gandgenglish.com\/wp-content\/uploads\/2020\/01\/WhatsApp-Image-2019-12-11-at-9.08.54-AM.jpeg 960w\" sizes=\"(max-width: 363px) 100vw, 363px\" \/><\/a><\/p>\n<p><a href=\"http:\/\/gandgenglish.com\/wp-content\/uploads\/2020\/01\/WhatsApp-Image-2019-12-11-at-9.12.29-AM-3.jpeg\"><img decoding=\"async\" loading=\"lazy\" class=\"wp-image-2416 aligncenter\" src=\"http:\/\/gandgenglish.com\/wp-content\/uploads\/2020\/01\/WhatsApp-Image-2019-12-11-at-9.12.29-AM-3-225x300.jpeg\" alt=\"\" width=\"287\" height=\"383\" srcset=\"http:\/\/gandgenglish.com\/wp-content\/uploads\/2020\/01\/WhatsApp-Image-2019-12-11-at-9.12.29-AM-3-225x300.jpeg 225w, http:\/\/gandgenglish.com\/wp-content\/uploads\/2020\/01\/WhatsApp-Image-2019-12-11-at-9.12.29-AM-3.jpeg 768w\" sizes=\"(max-width: 287px) 100vw, 287px\" \/><\/a><\/p>\n<p><a href=\"http:\/\/gandgenglish.com\/wp-content\/uploads\/2020\/01\/WhatsApp-Image-2019-12-11-at-9.12.29-AM-1.jpeg\"><img decoding=\"async\" loading=\"lazy\" class=\"wp-image-2417 aligncenter\" src=\"http:\/\/gandgenglish.com\/wp-content\/uploads\/2020\/01\/WhatsApp-Image-2019-12-11-at-9.12.29-AM-1-225x300.jpeg\" alt=\"\" width=\"286\" height=\"381\" srcset=\"http:\/\/gandgenglish.com\/wp-content\/uploads\/2020\/01\/WhatsApp-Image-2019-12-11-at-9.12.29-AM-1-225x300.jpeg 225w, http:\/\/gandgenglish.com\/wp-content\/uploads\/2020\/01\/WhatsApp-Image-2019-12-11-at-9.12.29-AM-1.jpeg 768w\" sizes=\"(max-width: 286px) 100vw, 286px\" \/><\/a><\/p>\n<p><a href=\"http:\/\/gandgenglish.com\/wp-content\/uploads\/2020\/01\/WhatsApp-Image-2019-12-11-at-9.02.36-AM.jpeg\"><img decoding=\"async\" loading=\"lazy\" class=\"wp-image-2420 aligncenter\" src=\"http:\/\/gandgenglish.com\/wp-content\/uploads\/2020\/01\/WhatsApp-Image-2019-12-11-at-9.02.36-AM-300x225.jpeg\" alt=\"\" width=\"416\" height=\"312\" srcset=\"http:\/\/gandgenglish.com\/wp-content\/uploads\/2020\/01\/WhatsApp-Image-2019-12-11-at-9.02.36-AM-300x225.jpeg 300w, http:\/\/gandgenglish.com\/wp-content\/uploads\/2020\/01\/WhatsApp-Image-2019-12-11-at-9.02.36-AM-768x576.jpeg 768w, http:\/\/gandgenglish.com\/wp-content\/uploads\/2020\/01\/WhatsApp-Image-2019-12-11-at-9.02.36-AM.jpeg 1024w\" sizes=\"(max-width: 416px) 100vw, 416px\" \/><\/a><\/p>\n<p>&nbsp;<\/p>\n<p>&nbsp;<\/p>\n","protected":false},"excerpt":{"rendered":"<p>Cursos pr\u00e1cticos y orientados a la comunicaci\u00f3n real. Los adultos aprenden a desenvolverse en situaciones laborales, acad\u00e9micas y cotidianas con fluidez y seguridad. Incluye desarrollo de habilidades conversacionales, gram\u00e1tica funcional y vocabulario especializado seg\u00fan objetivos. &nbsp; Cursos de Ingl\u00e9s para Adulto \u00a0Cursos de acuerdo a lo que t\u00fa necesitas Cada m\u00f3dulo tienen una duraci\u00f3n de [&hellip;]<\/p>\n","protected":false},"author":2,"featured_media":0,"parent":0,"menu_order":0,"comment_status":"closed","ping_status":"closed","template":"","meta":[],"_links":{"self":[{"href":"http:\/\/gandgenglish.com\/index.php?rest_route=\/wp\/v2\/pages\/2413"}],"collection":[{"href":"http:\/\/gandgenglish.com\/index.php?rest_route=\/wp\/v2\/pages"}],"about":[{"href":"http:\/\/gandgenglish.com\/index.php?rest_route=\/wp\/v2\/types\/page"}],"author":[{"embeddable":true,"href":"http:\/\/gandgenglish.com\/index.php?rest_route=\/wp\/v2\/users\/2"}],"replies":[{"embeddable":true,"href":"http:\/\/gandgenglish.com\/index.php?rest_route=%2Fwp%2Fv2%2Fcomments&post=2413"}],"version-history":[{"count":4,"href":"http:\/\/gandgenglish.com\/index.php?rest_route=\/wp\/v2\/pages\/2413\/revisions"}],"predecessor-version":[{"id":2976,"href":"http:\/\/gandgenglish.com\/index.php?rest_route=\/wp\/v2\/pages\/2413\/revisions\/2976"}],"wp:attachment":[{"href":"http:\/\/gandgenglish.com\/index.php?rest_route=%2Fwp%2Fv2%2Fmedia&parent=2413"}],"curies":[{"name":"wp","href":"https:\/\/api.w.org\/{rel}","templated":true}]}}