{"id":2438,"date":"2020-02-12T20:55:34","date_gmt":"2020-02-13T02:55:34","guid":{"rendered":"http:\/\/gandgenglish.com\/?page_id=2438"},"modified":"2026-02-12T20:54:53","modified_gmt":"2026-02-13T02:54:53","slug":"certificaciones","status":"publish","type":"page","link":"http:\/\/gandgenglish.com\/?page_id=2438","title":{"rendered":"CERTIFICACIONES"},"content":{"rendered":"<p><a href=\"http:\/\/gandgenglish.com\/wp-content\/uploads\/2020\/02\/TOEFL.png\"><img decoding=\"async\" loading=\"lazy\" class=\" wp-image-2433 aligncenter\" src=\"http:\/\/gandgenglish.com\/wp-content\/uploads\/2020\/02\/TOEFL-300x58.png\" alt=\"\" width=\"410\" height=\"79\" srcset=\"http:\/\/gandgenglish.com\/wp-content\/uploads\/2020\/02\/TOEFL-300x58.png 300w, http:\/\/gandgenglish.com\/wp-content\/uploads\/2020\/02\/TOEFL.png 510w\" sizes=\"(max-width: 410px) 100vw, 410px\" \/><\/a><\/p>\n<p style=\"text-align: left;\"><span style=\"color: #000000;\"><span style=\"vertical-align: inherit;\"><span style=\"vertical-align: inherit;\">El examen\u00a0 <\/span><\/span><em><span style=\"vertical-align: inherit;\"><span style=\"vertical-align: inherit;\">TOEFL iBT <\/span><\/span><\/em><sup><span style=\"vertical-align: inherit;\"><span style=\"vertical-align: inherit;\">\u00ae<\/span><\/span><\/sup><span style=\"vertical-align: inherit;\"><span style=\"vertical-align: inherit;\"> \u00a0mide su capacidad de utilizar y entender el ingl\u00e9s a nivel universitario. <\/span><span style=\"vertical-align: inherit;\">Adem\u00e1s, eval\u00faa c\u00f3mo combina sus habilidades auditivas, orales, de lectura y de escritura para desarrollar tareas acad\u00e9micas.<\/span><\/span><\/span><\/p>\n<p><span style=\"color: #800000;\"><strong><span style=\"vertical-align: inherit;\"><span style=\"vertical-align: inherit;\">\u00bfQui\u00e9n rinde el examen TOEFL?<\/span><\/span><\/strong><\/span><\/p>\n<p><span style=\"color: #000000;\"><span style=\"vertical-align: inherit;\"><span style=\"vertical-align: inherit;\">M\u00e1s de 35 millones de personas de todo el mundo han rendido el examen TOEFL para demostrar su dominio del idioma ingl\u00e9s. <\/span><span style=\"vertical-align: inherit;\">El nivel promedio de habilidad en idioma ingl\u00e9s se encuentra entre Intermedio y Avanzado.<\/span><\/span><\/span><\/p>\n<ul>\n<li><span style=\"color: #000000;\"><span style=\"vertical-align: inherit;\"><span style=\"vertical-align: inherit;\">Estudiantes que desean estudiar en una instituci\u00f3n de educaci\u00f3n superior<\/span><\/span><\/span><\/li>\n<li><span style=\"color: #000000;\"><span style=\"vertical-align: inherit;\"><span style=\"vertical-align: inherit;\">Admisiones y egreso del programa de aprendizaje del idioma ingl\u00e9s<\/span><\/span><\/span><\/li>\n<li><span style=\"color: #000000;\"><span style=\"vertical-align: inherit;\"><span style=\"vertical-align: inherit;\">Candidatos para becas y certificaciones<\/span><\/span><\/span><\/li>\n<li><span style=\"color: #000000;\"><span style=\"vertical-align: inherit;\"><span style=\"vertical-align: inherit;\">Alumnos de ingl\u00e9s que desean controlar su progreso<\/span><\/span><\/span><\/li>\n<li><span style=\"color: #000000;\"><span style=\"vertical-align: inherit;\"><span style=\"vertical-align: inherit;\">Estudiantes y trabajadores que solicitan visas<\/span><\/span><\/span><\/li>\n<\/ul>\n<p style=\"text-align: center;\"><a href=\"http:\/\/gandgenglish.com\/wp-content\/uploads\/2020\/02\/TOEIC.jpg\"><img decoding=\"async\" loading=\"lazy\" class=\" wp-image-2434 aligncenter\" src=\"http:\/\/gandgenglish.com\/wp-content\/uploads\/2020\/02\/TOEIC-300x76.jpg\" alt=\"\" width=\"355\" height=\"90\" srcset=\"http:\/\/gandgenglish.com\/wp-content\/uploads\/2020\/02\/TOEIC-300x76.jpg 300w, http:\/\/gandgenglish.com\/wp-content\/uploads\/2020\/02\/TOEIC.jpg 445w\" sizes=\"(max-width: 355px) 100vw, 355px\" \/><\/a><\/p>\n<p><span style=\"color: #000000;\"><span style=\"vertical-align: inherit;\"><span style=\"vertical-align: inherit;\">El ex\u00e1men TOEIC es una evaluaci\u00f3n dividida en 2 partes, lo que hace que sea muy flexible a las necesidades de cada candidato. <\/span><span style=\"vertical-align: inherit;\">Las ventajas que esto proporciona son:<\/span><\/span><\/span><\/p>\n<ul>\n<li><span style=\"color: #000000;\"><span style=\"vertical-align: inherit;\"><span style=\"vertical-align: inherit;\">Puedes realizar todo el ex\u00e1men en el mismo d\u00eda, o elegir d\u00edas separados. <\/span><span style=\"vertical-align: inherit;\">Quiz\u00e1 para una de las partes necesita un mayor tiempo de preparaci\u00f3n, y prefiere ex\u00e1menes en momentos distintos.<\/span><\/span><\/span><\/li>\n<li><span style=\"color: #000000;\"><span style=\"vertical-align: inherit;\"><span style=\"vertical-align: inherit;\">Si en una de las partes obtienes una puntuaci\u00f3n por debajo de lo que quer\u00edas, puedes volver a presentar solo una parte, sin necesidad de repetir todo el examen, y adem\u00e1s solo deber\u00e1s abonar las tasas correspondientes a esa parte.<\/span><\/span><\/span><\/li>\n<li><span style=\"color: #000000;\"><span style=\"vertical-align: inherit;\"><span style=\"vertical-align: inherit;\">En algunas organizaciones que solicitan un certificado de ingl\u00e9s, es suficiente presentar la parte de TOEIC Listeining and Reading.\u00a0<\/span><\/span><\/span><\/li>\n<\/ul>\n<p><a href=\"http:\/\/gandgenglish.com\/wp-content\/uploads\/2020\/02\/descarga-1.png\"><img decoding=\"async\" loading=\"lazy\" class=\" wp-image-2437 aligncenter\" src=\"http:\/\/gandgenglish.com\/wp-content\/uploads\/2020\/02\/descarga-1-300x100.png\" alt=\"\" width=\"312\" height=\"104\" srcset=\"http:\/\/gandgenglish.com\/wp-content\/uploads\/2020\/02\/descarga-1-300x100.png 300w, http:\/\/gandgenglish.com\/wp-content\/uploads\/2020\/02\/descarga-1.png 389w\" sizes=\"(max-width: 312px) 100vw, 312px\" \/><\/a><\/p>\n<p><span style=\"font-size: 13.5pt; font-family: Arial, 'sans-serif'; color: #000000;\"><span style=\"vertical-align: inherit;\"><span style=\"vertical-align: inherit;\">CENNI se conoce como la certificaci\u00f3n nacional de nivel idiomas que se encarga de evaluar y certificar idiomas, esto con el fin de orientar la calidad educativa en ingl\u00e9s o en cualquier otra lengua extranjera<\/span><\/span><\/span><\/p>\n<p><span style=\"font-size: 13.5pt; font-family: Arial, 'sans-serif'; color: #000000;\"><span style=\"vertical-align: inherit;\"><span style=\"vertical-align: inherit;\">El otorgamiento de este documento asegura y certifica la persona que lo hace es porque cumple con una habilidad confiable del nivel de conocimiento aceptable del idioma o idiomas para el que se le acredita.<\/span><\/span><\/span><\/p>\n<p><span style=\"font-size: 13.5pt; font-family: Arial, 'sans-serif'; color: #000000;\"><span style=\"vertical-align: inherit;\"><span style=\"vertical-align: inherit;\">La decisi\u00f3n de certificar el conocimiento de otros idiomas es totalmente voluntaria y el uso de ella ser\u00e1 opcional seg\u00fan las autoridades, usuarios o instituciones que cuenten con ella.<\/span><\/span><\/span><\/p>\n<p><strong><span style=\"color: #800000;\"><span style=\"vertical-align: inherit;\"><span style=\"vertical-align: inherit;\">Beneficios de contar con el certificado Cenni<\/span><\/span><\/span><\/strong><\/p>\n<p><span style=\"vertical-align: inherit; color: #000000;\"><span style=\"vertical-align: inherit;\">Cenni posee dos referencias internacionales que son:<\/span><\/span><\/p>\n<ul>\n<li><span style=\"vertical-align: inherit; color: #000000;\"><span style=\"vertical-align: inherit;\">El marco com\u00fan de referencia de lenguas.<\/span><\/span><\/li>\n<li><span style=\"vertical-align: inherit; color: #000000;\"><span style=\"vertical-align: inherit;\">El marco canadiense de competencias ling\u00fc\u00edsticas<\/span><\/span><\/li>\n<\/ul>\n<p><span style=\"vertical-align: inherit; color: #000000;\"><span style=\"vertical-align: inherit;\">As\u00ed como CENNI estos facilitan los cambios espec\u00edficos de una manera integradora de conocimientos, destrezas y competencias, brindando instituciones, usuarios y entidades una base unificada para la elaboraci\u00f3n de programas de diversas lenguas.<\/span><\/span><\/p>\n<p><span style=\"vertical-align: inherit; color: #000000;\"><span style=\"vertical-align: inherit;\">Adem\u00e1s, CENNI se encuentra avalada por embajadas, instituciones educativas, asociaciones de maestros de idiomas, instituciones de evaluaci\u00f3n y por varias entidades relacionadas a la materia.<\/span><\/span><\/p>\n<p><span style=\"vertical-align: inherit; color: #000000;\"><span style=\"vertical-align: inherit;\">El alcance de las habilidades ling\u00fc\u00edsticas que contempla CENNI y que pueden evaluar son las siguientes:<\/span><\/span><\/p>\n<ul>\n<li><span style=\"vertical-align: inherit; color: #000000;\"><span style=\"vertical-align: inherit;\">La comprensi\u00f3n audiovisual.<\/span><\/span><\/li>\n<li><span style=\"vertical-align: inherit; color: #000000;\"><span style=\"vertical-align: inherit;\">La comprensi\u00f3n auditiva (oral).<\/span><\/span><\/li>\n<li><span style=\"vertical-align: inherit; color: #000000;\"><span style=\"vertical-align: inherit;\">Expresi\u00f3n oral y escrita.<\/span><\/span><\/li>\n<li><span style=\"vertical-align: inherit; color: #000000;\"><span style=\"vertical-align: inherit;\">Comprensi\u00f3n lectora (escrita).<\/span><\/span><\/li>\n<li><span style=\"vertical-align: inherit; color: #000000;\"><span style=\"vertical-align: inherit;\">La interacci\u00f3n oral y escrita.<\/span><\/span><\/li>\n<\/ul>\n<p><img decoding=\"async\" loading=\"lazy\" class=\" wp-image-2994 aligncenter\" src=\"http:\/\/gandgenglish.com\/wp-content\/uploads\/2026\/02\/Captura-de-pantalla-2026-02-12-205118.png\" alt=\"\" width=\"289\" height=\"370\" srcset=\"http:\/\/gandgenglish.com\/wp-content\/uploads\/2026\/02\/Captura-de-pantalla-2026-02-12-205118.png 303w, http:\/\/gandgenglish.com\/wp-content\/uploads\/2026\/02\/Captura-de-pantalla-2026-02-12-205118-234x300.png 234w\" sizes=\"(max-width: 289px) 100vw, 289px\" \/><\/p>\n<p>&nbsp;<\/p>\n<p>&nbsp;<\/p>\n<p>&nbsp;<\/p>\n<p style=\"text-align: center;\"><span style=\"color: #ffffff;\">INGLES EN MONCLOVA, CURSOS DE INGLES EN MONCLOVA, CLASES DE INGLES EN MONCLOVA, TRINITY RAIL, EMPLEOS MONCLOVA<\/span><\/p>\n<p>&nbsp;<\/p>\n","protected":false},"excerpt":{"rendered":"<p>El examen\u00a0 TOEFL iBT \u00ae \u00a0mide su capacidad de utilizar y entender el ingl\u00e9s a nivel universitario. Adem\u00e1s, eval\u00faa c\u00f3mo combina sus habilidades auditivas, orales, de lectura y de escritura para desarrollar tareas acad\u00e9micas. \u00bfQui\u00e9n rinde el examen TOEFL? M\u00e1s de 35 millones de personas de todo el mundo han rendido el examen TOEFL para [&hellip;]<\/p>\n","protected":false},"author":2,"featured_media":0,"parent":0,"menu_order":0,"comment_status":"closed","ping_status":"closed","template":"","meta":[],"_links":{"self":[{"href":"http:\/\/gandgenglish.com\/index.php?rest_route=\/wp\/v2\/pages\/2438"}],"collection":[{"href":"http:\/\/gandgenglish.com\/index.php?rest_route=\/wp\/v2\/pages"}],"about":[{"href":"http:\/\/gandgenglish.com\/index.php?rest_route=\/wp\/v2\/types\/page"}],"author":[{"embeddable":true,"href":"http:\/\/gandgenglish.com\/index.php?rest_route=\/wp\/v2\/users\/2"}],"replies":[{"embeddable":true,"href":"http:\/\/gandgenglish.com\/index.php?rest_route=%2Fwp%2Fv2%2Fcomments&post=2438"}],"version-history":[{"count":9,"href":"http:\/\/gandgenglish.com\/index.php?rest_route=\/wp\/v2\/pages\/2438\/revisions"}],"predecessor-version":[{"id":2998,"href":"http:\/\/gandgenglish.com\/index.php?rest_route=\/wp\/v2\/pages\/2438\/revisions\/2998"}],"wp:attachment":[{"href":"http:\/\/gandgenglish.com\/index.php?rest_route=%2Fwp%2Fv2%2Fmedia&parent=2438"}],"curies":[{"name":"wp","href":"https:\/\/api.w.org\/{rel}","templated":true}]}}