{"id":2950,"date":"2026-01-28T20:35:26","date_gmt":"2026-01-29T02:35:26","guid":{"rendered":"http:\/\/gandgenglish.com\/?page_id=2950"},"modified":"2026-01-28T20:53:26","modified_gmt":"2026-01-29T02:53:26","slug":"programas-2","status":"publish","type":"page","link":"http:\/\/gandgenglish.com\/?page_id=2950","title":{"rendered":"Programas"},"content":{"rendered":"<p><img decoding=\"async\" loading=\"lazy\" class=\" wp-image-2953 alignleft\" src=\"http:\/\/gandgenglish.com\/wp-content\/uploads\/2026\/01\/GANG.png\" alt=\"\" width=\"259\" height=\"145\" \/><span style=\"font-weight: 400;\">En<\/span><b> G&amp;G English <\/b><span style=\"font-weight: 400;\">ofrecemos programas de ingl\u00e9s dise\u00f1ados para todas las edades y necesidades: cursos para ni\u00f1os, adolescentes y adultos, capacitaci\u00f3n empresarial, as\u00ed como preparaci\u00f3n y gesti\u00f3n de certificaciones reconocidas internacionalmente como <\/span><b>TOEIC y CENNI<\/b><span style=\"font-weight: 400;\">. Nuestro enfoque es pr\u00e1ctico, comunicativo y personalizado, asegurando un aprendizaje efectivo y acorde a cada objetivo.<\/span><\/p>\n<p>&nbsp;<\/p>\n","protected":false},"excerpt":{"rendered":"<p>En G&amp;G English ofrecemos programas de ingl\u00e9s dise\u00f1ados para todas las edades y necesidades: cursos para ni\u00f1os, adolescentes y adultos, capacitaci\u00f3n empresarial, as\u00ed como preparaci\u00f3n y gesti\u00f3n de certificaciones reconocidas internacionalmente como TOEIC y CENNI. Nuestro enfoque es pr\u00e1ctico, comunicativo y personalizado, asegurando un aprendizaje efectivo y acorde a cada objetivo. &nbsp;<\/p>\n","protected":false},"author":1,"featured_media":0,"parent":0,"menu_order":0,"comment_status":"closed","ping_status":"closed","template":"","meta":[],"_links":{"self":[{"href":"http:\/\/gandgenglish.com\/index.php?rest_route=\/wp\/v2\/pages\/2950"}],"collection":[{"href":"http:\/\/gandgenglish.com\/index.php?rest_route=\/wp\/v2\/pages"}],"about":[{"href":"http:\/\/gandgenglish.com\/index.php?rest_route=\/wp\/v2\/types\/page"}],"author":[{"embeddable":true,"href":"http:\/\/gandgenglish.com\/index.php?rest_route=\/wp\/v2\/users\/1"}],"replies":[{"embeddable":true,"href":"http:\/\/gandgenglish.com\/index.php?rest_route=%2Fwp%2Fv2%2Fcomments&post=2950"}],"version-history":[{"count":11,"href":"http:\/\/gandgenglish.com\/index.php?rest_route=\/wp\/v2\/pages\/2950\/revisions"}],"predecessor-version":[{"id":2964,"href":"http:\/\/gandgenglish.com\/index.php?rest_route=\/wp\/v2\/pages\/2950\/revisions\/2964"}],"wp:attachment":[{"href":"http:\/\/gandgenglish.com\/index.php?rest_route=%2Fwp%2Fv2%2Fmedia&parent=2950"}],"curies":[{"name":"wp","href":"https:\/\/api.w.org\/{rel}","templated":true}]}}