{"id":2981,"date":"2026-02-12T20:41:47","date_gmt":"2026-02-13T02:41:47","guid":{"rendered":"http:\/\/gandgenglish.com\/?page_id=2981"},"modified":"2026-02-12T21:07:57","modified_gmt":"2026-02-13T03:07:57","slug":"empresarial","status":"publish","type":"page","link":"http:\/\/gandgenglish.com\/?page_id=2981","title":{"rendered":"Empresarial"},"content":{"rendered":"<p><span style=\"font-weight: 400;\">Capacitaci\u00f3n personalizada para empresas que buscan mejorar la comunicaci\u00f3n en ingl\u00e9s <\/span><span style=\"font-weight: 400;\">de su equipo. Dise\u00f1amos programas a la medida seg\u00fan el giro, las funciones del personal\u00a0<\/span><span style=\"font-weight: 400;\">y los objetivos corporativos. Puede incluir ingl\u00e9s para negocios, atenci\u00f3n al cliente,\u00a0<\/span><span style=\"font-weight: 400;\">negociaci\u00f3n, presentaciones y m\u00e1s.<\/span><\/p>\n<p>Algunos de las empresas para las que laboramos:<\/p>\n<p><img decoding=\"async\" loading=\"lazy\" class=\"size-full wp-image-2989 aligncenter\" src=\"http:\/\/gandgenglish.com\/wp-content\/uploads\/2026\/02\/TRINITY-GANDG-2.jpg\" alt=\"\" width=\"772\" height=\"422\" srcset=\"http:\/\/gandgenglish.com\/wp-content\/uploads\/2026\/02\/TRINITY-GANDG-2.jpg 772w, http:\/\/gandgenglish.com\/wp-content\/uploads\/2026\/02\/TRINITY-GANDG-2-300x164.jpg 300w, http:\/\/gandgenglish.com\/wp-content\/uploads\/2026\/02\/TRINITY-GANDG-2-768x420.jpg 768w\" sizes=\"(max-width: 772px) 100vw, 772px\" \/><\/p>\n<p><img decoding=\"async\" loading=\"lazy\" class=\"wp-image-3003 size-full aligncenter\" src=\"http:\/\/gandgenglish.com\/wp-content\/uploads\/2026\/02\/Captura-de-pantalla-2026-02-12-210615.png\" alt=\"\" width=\"753\" height=\"302\" srcset=\"http:\/\/gandgenglish.com\/wp-content\/uploads\/2026\/02\/Captura-de-pantalla-2026-02-12-210615.png 753w, http:\/\/gandgenglish.com\/wp-content\/uploads\/2026\/02\/Captura-de-pantalla-2026-02-12-210615-300x120.png 300w\" sizes=\"(max-width: 753px) 100vw, 753px\" \/><\/p>\n","protected":false},"excerpt":{"rendered":"<p>Capacitaci\u00f3n personalizada para empresas que buscan mejorar la comunicaci\u00f3n en ingl\u00e9s de su equipo. Dise\u00f1amos programas a la medida seg\u00fan el giro, las funciones del personal\u00a0y los objetivos corporativos. Puede incluir ingl\u00e9s para negocios, atenci\u00f3n al cliente,\u00a0negociaci\u00f3n, presentaciones y m\u00e1s. Algunos de las empresas para las que laboramos:<\/p>\n","protected":false},"author":1,"featured_media":0,"parent":0,"menu_order":0,"comment_status":"closed","ping_status":"closed","template":"","meta":[],"_links":{"self":[{"href":"http:\/\/gandgenglish.com\/index.php?rest_route=\/wp\/v2\/pages\/2981"}],"collection":[{"href":"http:\/\/gandgenglish.com\/index.php?rest_route=\/wp\/v2\/pages"}],"about":[{"href":"http:\/\/gandgenglish.com\/index.php?rest_route=\/wp\/v2\/types\/page"}],"author":[{"embeddable":true,"href":"http:\/\/gandgenglish.com\/index.php?rest_route=\/wp\/v2\/users\/1"}],"replies":[{"embeddable":true,"href":"http:\/\/gandgenglish.com\/index.php?rest_route=%2Fwp%2Fv2%2Fcomments&post=2981"}],"version-history":[{"count":10,"href":"http:\/\/gandgenglish.com\/index.php?rest_route=\/wp\/v2\/pages\/2981\/revisions"}],"predecessor-version":[{"id":3005,"href":"http:\/\/gandgenglish.com\/index.php?rest_route=\/wp\/v2\/pages\/2981\/revisions\/3005"}],"wp:attachment":[{"href":"http:\/\/gandgenglish.com\/index.php?rest_route=%2Fwp%2Fv2%2Fmedia&parent=2981"}],"curies":[{"name":"wp","href":"https:\/\/api.w.org\/{rel}","templated":true}]}}