{"id":515,"date":"2016-05-04T23:00:41","date_gmt":"2016-05-05T04:00:41","guid":{"rendered":"http:\/\/gandgenglish.com\/?page_id=515"},"modified":"2019-12-17T20:27:46","modified_gmt":"2019-12-18T02:27:46","slug":"kids-3","status":"publish","type":"page","link":"http:\/\/gandgenglish.com\/?page_id=515","title":{"rendered":"Middle School"},"content":{"rendered":"<p>&nbsp;<\/p>\n<h2 style=\"text-align: center;\"><strong><span style=\"color: #ff0000;\">Beginner and Intermediate\u00a0<\/span><\/strong><\/h2>\n<p><span style=\"color: #0000ff;\"><strong>Los adolescentes de secundaria aprenden por medio de din\u00e1micas y divertidas actividades, tambi\u00e9n a trav\u00e9s de la creaci\u00f3n de proyectos, de contar historias y compartir \u00a0 las cosas que les interesan, lo que los impulsa a desarrollar sus capacidades ling\u00fc\u00edsticas y creativas, a la vez que promueven el inter\u00e9s en el aprendizaje del idioma.\u00a0<\/strong><\/span><\/p>\n<p><a href=\"http:\/\/gandgenglish.com\/wp-content\/uploads\/2019\/12\/50592074_1766008556837802_8547935893518811136_o.jpg\"><img decoding=\"async\" loading=\"lazy\" class=\"wp-image-2390 alignleft\" src=\"http:\/\/gandgenglish.com\/wp-content\/uploads\/2019\/12\/50592074_1766008556837802_8547935893518811136_o-300x200.jpg\" alt=\"\" width=\"336\" height=\"224\" srcset=\"http:\/\/gandgenglish.com\/wp-content\/uploads\/2019\/12\/50592074_1766008556837802_8547935893518811136_o-300x200.jpg 300w, http:\/\/gandgenglish.com\/wp-content\/uploads\/2019\/12\/50592074_1766008556837802_8547935893518811136_o-1024x683.jpg 1024w, http:\/\/gandgenglish.com\/wp-content\/uploads\/2019\/12\/50592074_1766008556837802_8547935893518811136_o-768x512.jpg 768w, http:\/\/gandgenglish.com\/wp-content\/uploads\/2019\/12\/50592074_1766008556837802_8547935893518811136_o.jpg 1368w\" sizes=\"(max-width: 336px) 100vw, 336px\" \/><\/a> <a href=\"http:\/\/gandgenglish.com\/wp-content\/uploads\/2019\/12\/51148716_1766009536837704_3255750407695106048_o.jpg\"><img decoding=\"async\" loading=\"lazy\" class=\"alignnone  wp-image-2391\" src=\"http:\/\/gandgenglish.com\/wp-content\/uploads\/2019\/12\/51148716_1766009536837704_3255750407695106048_o-300x200.jpg\" alt=\"\" width=\"335\" height=\"223\" srcset=\"http:\/\/gandgenglish.com\/wp-content\/uploads\/2019\/12\/51148716_1766009536837704_3255750407695106048_o-300x200.jpg 300w, http:\/\/gandgenglish.com\/wp-content\/uploads\/2019\/12\/51148716_1766009536837704_3255750407695106048_o-1024x683.jpg 1024w, http:\/\/gandgenglish.com\/wp-content\/uploads\/2019\/12\/51148716_1766009536837704_3255750407695106048_o-768x512.jpg 768w, http:\/\/gandgenglish.com\/wp-content\/uploads\/2019\/12\/51148716_1766009536837704_3255750407695106048_o.jpg 1368w\" sizes=\"(max-width: 335px) 100vw, 335px\" \/><\/a> <a href=\"http:\/\/gandgenglish.com\/wp-content\/uploads\/2019\/12\/50770343_1766009473504377_4927367145475538944_o.jpg\"><img decoding=\"async\" loading=\"lazy\" class=\"alignnone  wp-image-2392\" src=\"http:\/\/gandgenglish.com\/wp-content\/uploads\/2019\/12\/50770343_1766009473504377_4927367145475538944_o-300x200.jpg\" alt=\"\" width=\"378\" height=\"252\" srcset=\"http:\/\/gandgenglish.com\/wp-content\/uploads\/2019\/12\/50770343_1766009473504377_4927367145475538944_o-300x200.jpg 300w, http:\/\/gandgenglish.com\/wp-content\/uploads\/2019\/12\/50770343_1766009473504377_4927367145475538944_o-1024x683.jpg 1024w, http:\/\/gandgenglish.com\/wp-content\/uploads\/2019\/12\/50770343_1766009473504377_4927367145475538944_o-768x512.jpg 768w, http:\/\/gandgenglish.com\/wp-content\/uploads\/2019\/12\/50770343_1766009473504377_4927367145475538944_o.jpg 1368w\" sizes=\"(max-width: 378px) 100vw, 378px\" \/><\/a><\/p>\n<p>&nbsp;<\/p>\n","protected":false},"excerpt":{"rendered":"<p>&nbsp; Beginner and Intermediate\u00a0 Los adolescentes de secundaria aprenden por medio de din\u00e1micas y divertidas actividades, tambi\u00e9n a trav\u00e9s de la creaci\u00f3n de proyectos, de contar historias y compartir \u00a0 las cosas que les interesan, lo que los impulsa a desarrollar sus capacidades ling\u00fc\u00edsticas y creativas, a la vez que promueven el inter\u00e9s en el [&hellip;]<\/p>\n","protected":false},"author":1,"featured_media":0,"parent":0,"menu_order":0,"comment_status":"closed","ping_status":"closed","template":"","meta":[],"_links":{"self":[{"href":"http:\/\/gandgenglish.com\/index.php?rest_route=\/wp\/v2\/pages\/515"}],"collection":[{"href":"http:\/\/gandgenglish.com\/index.php?rest_route=\/wp\/v2\/pages"}],"about":[{"href":"http:\/\/gandgenglish.com\/index.php?rest_route=\/wp\/v2\/types\/page"}],"author":[{"embeddable":true,"href":"http:\/\/gandgenglish.com\/index.php?rest_route=\/wp\/v2\/users\/1"}],"replies":[{"embeddable":true,"href":"http:\/\/gandgenglish.com\/index.php?rest_route=%2Fwp%2Fv2%2Fcomments&post=515"}],"version-history":[{"count":41,"href":"http:\/\/gandgenglish.com\/index.php?rest_route=\/wp\/v2\/pages\/515\/revisions"}],"predecessor-version":[{"id":2393,"href":"http:\/\/gandgenglish.com\/index.php?rest_route=\/wp\/v2\/pages\/515\/revisions\/2393"}],"wp:attachment":[{"href":"http:\/\/gandgenglish.com\/index.php?rest_route=%2Fwp%2Fv2%2Fmedia&parent=515"}],"curies":[{"name":"wp","href":"https:\/\/api.w.org\/{rel}","templated":true}]}}